{"id":3870,"date":"2024-01-25T21:26:55","date_gmt":"2024-01-26T00:26:55","guid":{"rendered":"https:\/\/visitefloripa.com.br\/?page_id=3870"},"modified":"2024-01-25T21:27:56","modified_gmt":"2024-01-26T00:27:56","slug":"politica-de-privacidade","status":"publish","type":"page","link":"https:\/\/visitefloripa.com.br\/es\/politica-de-privacidade\/","title":{"rendered":"Pol\u00edtica de privacidad"},"content":{"rendered":"<div data-elementor-type=\"wp-page\" data-elementor-id=\"3870\" class=\"elementor elementor-3870\" data-elementor-post-type=\"page\">\n\t\t\t\t<div class=\"elementor-element elementor-element-ad193a3 e-flex e-con-boxed e-con e-parent\" data-id=\"ad193a3\" data-element_type=\"container\" data-e-type=\"container\">\n\t\t\t\t\t<div class=\"e-con-inner\">\n\t\t\t\t<div class=\"elementor-element elementor-element-7bd896d elementor-widget elementor-widget-heading\" data-id=\"7bd896d\" data-element_type=\"widget\" data-e-type=\"widget\" data-widget_type=\"heading.default\">\n\t\t\t\t<div class=\"elementor-widget-container\">\n\t\t\t\t\t<h1 class=\"elementor-heading-title elementor-size-default\">Pol\u00edtica de privacidad<\/h1>\t\t\t\t<\/div>\n\t\t\t\t<\/div>\n\t\t\t\t<div class=\"elementor-element elementor-element-15d6759 elementor-widget elementor-widget-text-editor\" data-id=\"15d6759\" data-element_type=\"widget\" data-e-type=\"widget\" data-widget_type=\"text-editor.default\">\n\t\t\t\t<div class=\"elementor-widget-container\">\n\t\t\t\t\t\t\t\t\t<p class=\"p2\">Por este instrumento, el sitio web <b>https:\/\/<\/b><a href=\"https:\/\/visitefloripa.com.br\/es\/\"><b>www.visiteoripa.com.br<\/b><\/a><b> <\/b>confiere a todos\u201c <b>USUARIOS<\/b>\u201d, es decir, quienes acceden y se registran en la Plataforma puesta a disposici\u00f3n por <b>https:\/\/<\/b><a href=\"https:\/\/visitefloripa.com.br\/es\/\"><b>www.visiteoripa.com.br<\/b>,<\/a> permiti\u00e9ndole as\u00ed disfrutar del <span class=\"s3\">servicios<\/span> <span class=\"s3\">por<\/span> <span class=\"s3\">bastante<\/span> <span class=\"s3\">su<\/span> <span class=\"s3\">proporcion\u00f3,<\/span> <span class=\"s3\">oh<\/span> <span class=\"s3\">lleno<\/span> <span class=\"s3\">Es<\/span> <span class=\"s3\">inequ\u00edvoco<\/span> <span class=\"s3\">conocimiento<\/span> <span class=\"s3\">El <\/span>respeto de las normas establecidas en esta Pol\u00edtica de Privacidad, as\u00ed como en cuanto a la forma de recopilaci\u00f3n de informaci\u00f3n y procesamiento de datos, de acuerdo con lo dispuesto en las Leyes N\u00b0 12.965\/2014 (Marco Civil da Internet) y 13.709\/2018 (LGPD), y otras condiciones establecidas <span class=\"s3\">abajo.<\/span><\/p><p class=\"p4\"><b>RECOMENDAMOS LEER DETENIDAMENTE ESTE DOCUMENTO. DESCRIBE LA FORMA EN QUE SE TRATA LA INFORMACI\u00d3N PERSONAL QUE USTED PROPORCIONA PARA ACCEDER A NUESTRO SITIO WEB Y UTILIZAR NUESTROS SERVICIOS, AS\u00cd COMO LAS CONDICIONES DE LOS PROPIOS SERVICIOS.<\/b><\/p><p class=\"p5\"><b>AL LEER EL TEXTO A CONTINUACI\u00d3N Y HACER CLIC EN \u201cHE LE\u00cdDO Y ACEPTO\u201d, USTED RECONOCE<\/b><b> <\/b><b>SABER<\/b><b> <\/b><b>Y ENTENDER LOS T\u00c9RMINOS Y CONDICIONES DE ESTA POL\u00cdTICA DE PRIVACIDAD, ACEPTANDO ESTAR OBLIGADO POR SUS CONDICIONES LIBRE Y <\/b><span class=\"s3\"><b>ESPONT\u00c1NEO.<\/b><\/span><\/p><p class=\"p1\"><b>CAP\u00cdTULO<\/b><b> <\/b><b>|<\/b><b> <\/b><b>\u2013<\/b><b> <\/b><span class=\"s3\"><b>OBJETO<\/b><\/span><\/p><p class=\"p4\"><b>Art\u00edculo 1<\/b>. Esta Pol\u00edtica de Privacidad regir\u00e1 las relaciones entre: (i) el <b>USUARIO <\/b>Es <b>https:\/\/<\/b><a href=\"https:\/\/visitefloripa.com.br\/es\/\"><b>www.visiteoripa.com.br<\/b>:<\/a> y (ii) el <b>USUARIO <\/b>y AdOpt, siempre que el <b>USUARIO <\/b>optar por formar parte del mismo, en la forma prevista en los T\u00e9rminos de Uso de <b>Plataforma AdOpt<\/b>.<\/p><p class=\"p4\"><b>Art\u00edculo 2<\/b>. Corresponde exclusivamente al <b>USUARIO<\/b>, cumplir con la legislaci\u00f3n vigente en materia de protecci\u00f3n de datos personales de las personas f\u00edsicas (en adelante \u201ctitulares\u201d, seg\u00fan el art. 5, V, LGPD) con quienes tiene o tendr\u00e1 relaci\u00f3n en el ejercicio de sus actividades <span class=\"s3\">negocio.<\/span><\/p><p class=\"p6\"><b>Arte.<\/b><b> <\/b><b>3er<\/b>. oh <b>USUARIO<\/b><b> <\/b>declara ser consciente de que AdOpt es un entorno creado para que la informaci\u00f3n circule de forma segura en un entorno restringido y compartida con varios otros agentes de procesamiento (art. 5, IX, LGPD), cuyas reglas deben ser respetadas, as\u00ed como las preferencias de privacidad y protecci\u00f3n de datos personales de los titulares que utilizan sus respectivos sitios web, aplicaciones y plataformas, as\u00ed como facilitar su navegaci\u00f3n en internet, o con los que el <b>USUARIO <\/b>entrar en contacto con datos <span class=\"s3\">personal.<\/span><\/p><p class=\"p7\"><b>CAP\u00cdTULO<\/b><b> <\/b><b>Illinois<\/b><b> <\/b><b>\u2013<\/b><b> <\/b><b>DAS<\/b><b> <\/b><b>POSICIONES<\/b><b> <\/b><span class=\"s3\"><b>LEGAL<\/b><\/span><\/p><p class=\"p8\"><b>Art\u00edculo 4<\/b>. oh <b>USUARIO <\/b>reconoce que, en relaci\u00f3n con <b>https:\/\/<\/b><a href=\"https:\/\/visitefloripa.com.br\/es\/\"><b>www.visiteoripa.com.br<\/b>,<\/a> oh <b>USUARIO <\/b>figura en la posici\u00f3n de RESPONSABLE (art. 5, VI, LGPD) de los datos personales de todas las personas que utilicen sus respectivos sitios web, aplicaciones y plataformas, as\u00ed como facilitar su navegaci\u00f3n en internet, o con los que el <b>USUARIO <\/b>entrar en contacto con datos personales.<\/p><p class=\"p4\"><b>Art\u00edculo 5<\/b>. oh <b>USUARIO <\/b>reconoce que, en relaci\u00f3n con usted, el <b>https:\/\/<\/b><a href=\"https:\/\/visitefloripa.com.br\/es\/\"><b>www.visiteoripa.com.br<\/b><\/a><b> <\/b>figura en el cargo de OPERADOR (ART. 5\u00ba, VII, LGPD) y que, por tanto, act\u00faa en representaci\u00f3n de la <b>USUARIO<\/b>, considerado para todos los efectos legales como el RESPONSABLE de los datos personales.<\/p><p class=\"p9\"><b>\u00a71\u00ba<\/b>. Por la contrataci\u00f3n de servicios prestados por <b>https:\/\/<\/b><a href=\"https:\/\/visitefloripa.com.br\/es\/\"><b>www.visiteoripa.com.br<\/b><\/a><b> <\/b>a favor de <b>USUARIO<\/b>, contratado de conformidad con los T\u00e9rminos de Uso de la Plataforma AdOpt, todas y cada una de las posibilidades de violaci\u00f3n de la protecci\u00f3n de datos de los titulares relacionadas con el <b>USUARIO <\/b>debe ser comunicado a la <b>https:\/\/<\/b><a href=\"https:\/\/visitefloripa.com.br\/es\/\"><b>www.visiteoripa.com.br<\/b><\/a><b> <\/b>adoptar oportunamente las medidas necesarias para evitar tales violaciones o, cuando sea imposible prevenirlas, mitigar los riesgos inherentes al caso <span class=\"s3\">concreto.<\/span><\/p><p class=\"p9\"><span class=\"s15\"><b>\u00a72\u00ba<\/b>.<\/span> <span class=\"s3\">Reconocer<\/span> <span class=\"s14\">oh<\/span> <span class=\"s3\"><b>USUARIO<\/b><\/span><b> <\/b><span class=\"s15\">qu\u00e9<\/span> <span class=\"s14\">El <\/span><b>https:\/\/<\/b><a href=\"https:\/\/visitefloripa.com.br\/es\/\"><b>www.visiteoripa.com.br<\/b><\/a><b> <\/b>no es responsable del procesamiento de datos personales de los titulares realizado en la ejecuci\u00f3n del alcance contractual, seg\u00fan lo previsto en los T\u00e9rminos de Uso de la Plataforma AdOpt, ni de los actos realizados para cumplir con las solicitudes del <b>USUARIO<\/b>;<\/p><p class=\"p10\"><span class=\"s15\"><b>\u00a73\u00ba<\/b>.<\/span> <span class=\"s14\">O<\/span> <span class=\"s3\"><b>USUARIO<\/b><\/span><b> <\/b><span class=\"s3\">reconocer<\/span> <span class=\"s14\">El <\/span><b>https:\/\/<\/b><a href=\"https:\/\/visitefloripa.com.br\/es\/\"><b>www.visiteoripa.com.br<\/b><\/a><b> <\/b>como un simple proveedor de servicios para gestionar el consentimiento de los titulares que visitan sitios web, plataformas, aplicaciones de Internet y otros veh\u00edculos donde el <b>USUARIO <\/b>podr\u00e1 poner a disposici\u00f3n sus servicios, y corresponde al <b>USUARIO <\/b>proceder con la gu\u00eda de <b>https:\/\/<\/b><a href=\"https:\/\/visitefloripa.com.br\/es\/\"><b>www.visiteoripa.com.br<\/b><\/a><b> <\/b>respecto de las formas l\u00edcitas de tratamiento de los datos personales de dichos titulares.<\/p><p class=\"p4\"><b>Art\u00edculo 6<\/b>. oh <b>USUARIO <\/b>reconoce que AdOpt est\u00e1 formada por varias otras empresas que tambi\u00e9n son RESPONSABLES de los datos personales de los titulares, por lo que debe respetar plenamente las reglas de la Plataforma AdOpt y adoptar las mejores pr\u00e1cticas para permitir el procesamiento legal y leg\u00edtimo de los datos. <span class=\"s3\">personal.<\/span><\/p><p class=\"p12\"><b>Art\u00edculo 7<\/b>. oh <b>USUARIO <\/b>no puede oponerse, sin justa raz\u00f3n, a que se compartan datos personales de los titulares con quienes tenga contacto directo en nombre de AdOpt, o cualquiera de las partes que el <span class=\"s3\">componer.<\/span><\/p><p class=\"p13\"><b>Art\u00edculo 8<\/b>. oh <b>USUARIO <\/b>declara que la recogida, almacenamiento, uso y puesta en com\u00fan de datos personales a favor de AdOpt se realiz\u00f3 en perfecta conformidad con las bases jur\u00eddicas previstas en los art\u00edculos 7 y 11 de la LGPD, habi\u00e9ndose obtenido el consentimiento informado, libre, inequ\u00edvoco y espec\u00edfico del objeto del tratamiento, y que respete los principios de finalidad, adecuaci\u00f3n, necesidad, libre acceso, calidad, transparencia, seguridad, prevenci\u00f3n y no discriminaci\u00f3n (art. 6, LGPD).<\/p><p class=\"p14\"><b>CAP\u00cdTULO<\/b><b> <\/b><b>enfermo<\/b><b> <\/b><b>\u2013<\/b><b> <\/b><b>DAS<\/b><b> <\/b><b>OBLIGACIONES<\/b><b> <\/b><b>DEL<\/b><b> <\/b><span class=\"s3\"><b>USUARIO<\/b><\/span><\/p><p class=\"p2\"><b>Arte.<\/b><b> <\/b><b>noveno<\/b>. Constituyen obligaciones del <span class=\"s3\"><b>USUARIO<\/b>:<\/span><\/p><ol class=\"ol1\"><li class=\"li15\"><b><\/b>Respetar la legislaci\u00f3n vigente, especialmente en lo que respecta a los t\u00edtulos jur\u00eddicos que se refieren a la protecci\u00f3n de la privacidad y protecci\u00f3n de datos personales de los titulares, y, aunque a\u00fan no est\u00e1 en vigor, tambi\u00e9n la Ley N\u00b0 13.709\/2018.<\/li><\/ol><ol class=\"ol1\"><li class=\"li16\"><b><\/b>En el tratamiento de datos personales, entendido como el listado de actividades descritas en el art\u00edculo 5, X, de la Ley N\u00b0 13.709\/2018 (LGPD), el <b>USUARIO <\/b>se compromete, bajo su exclusiva responsabilidad, a implementar su propia pol\u00edtica de privacidad, proporcionando las aclaraciones necesarias a los titulares de datos afectados por su actuaci\u00f3n en materia de recogida de datos, alertando, entre otras cuestiones, qu\u00e9 datos se recabar\u00e1n, el plazo de conservaci\u00f3n de los datos, as\u00ed como el prop\u00f3sito de la recolecci\u00f3n, brindando, siempre que sea posible, una opci\u00f3n para la <b>USUARIO<\/b><b> <\/b>Puede utilizar dichos servicios sin que se recopilen sus datos personales. El tratamiento de datos personales deber\u00e1 ser realizado por el <b>USUARIO<\/b><b> <\/b>con el fin de preservar la privacidad de los respectivos titulares, comprometi\u00e9ndose a <b>USUARIO <\/b>conservar la menor cantidad posible de datos y registros y eliminarlos (i) tan pronto como se alcance la finalidad de su uso, en caso de revocaci\u00f3n del consentimiento o solicitud de supresi\u00f3n de datos, o (ii) si finaliza el plazo determinado por obligaci\u00f3n legal, seg\u00fan lo estipulado en el art\u00edculo 13, 82 de la Ley Marco Civil de <span class=\"s3\">Internet.<\/span><\/li><\/ol><ol class=\"ol1\"><li class=\"li17\"><b><\/b>Adoptar todas las medidas necesarias para obtener v\u00e1lidamente el consentimiento del titular;<\/li><\/ol><ol class=\"ol1\"><li class=\"li15\"><b><\/b>Comunicarse prontamente a <b>https:\/\/<\/b><a href=\"https:\/\/visitefloripa.com.br\/es\/\"><b>www.visiteoripa.com.br<\/b>,<\/a> siempre que sea necesario y bajo su exclusiva responsabilidad, las solicitudes de los titulares en el ejercicio de sus derechos previstos en el art\u00edculo 18 de la LGPD, especialmente en los casos de revocaci\u00f3n del <span class=\"s3\">consentir,<\/span> <span class=\"s3\">o<\/span> <span class=\"s3\">peticiones<\/span> <span class=\"s3\">en<\/span> <span class=\"s3\">rectificaci\u00f3n<\/span> <span class=\"s3\">Es<\/span> <span class=\"s3\">eliminaci\u00f3n<\/span> <span class=\"s3\">en<\/span> <span class=\"s3\">datos<\/span> <span class=\"s3\">de titulares;<\/span><\/li><\/ol><ol class=\"ol1\"><li class=\"li18\"><b><\/b>Sin perjuicio de la comunicaci\u00f3n prevista en el inciso \u201cc\u201d anterior, eliminar de su base de datos todos los datos personales de <span class=\"s3\">titulares<\/span><\/li><\/ol><p class=\"p13\">que revoquen el consentimiento, o soliciten la supresi\u00f3n de sus datos personales;<\/p><ol class=\"ol1\"><li class=\"li15\"><b><\/b>Adoptar medidas de seguridad de la informaci\u00f3n l\u00f3gicas y f\u00edsicas, compatibles con los riesgos de sus actividades y est\u00e1ndares del mercado, cumpliendo, en su caso, con las normas regulatorias. <span class=\"s3\">aplicable;<\/span><\/li><\/ol><ol class=\"ol1\"><li class=\"li19\"><b><\/b>Incluya en sus T\u00e9rminos de Uso y Pol\u00edticas de Privacidad las cl\u00e1usulas necesarias para comunicar de manera clara e inequ\u00edvoca la recolecci\u00f3n de datos personales de los titulares y el intercambio de datos autorizado por el titular a favor de la Red AdOpt, puesta a disposici\u00f3n por <b>https:\/\/<\/b><a href=\"https:\/\/visitefloripa.com.br\/es\/\"><b>www.visiteoripa.com.br<\/b><\/a><b> <\/b>en su <span class=\"s3\">plataforma;<\/span><\/li><\/ol><ol class=\"ol1\"><li class=\"li20\"><b><\/b>Cargue su Pol\u00edtica de Privacidad en la Plataforma AdOpt, seg\u00fan el campo correspondiente.<\/li><\/ol><p class=\"p21\"><b>CAP\u00cdTULO<\/b><b> <\/b><b>IV<\/b><b> <\/b><b>\u2013<\/b><b> <\/b><b>DAS<\/b><b> <\/b><span class=\"s3\"><b>RESPONSABILIDADES<\/b><\/span><\/p><p class=\"p22\"><b>Art\u00edculo 10<\/b>. El uso de datos personales de los titulares cuyo acceso <b>USUARIO <\/b>ocurri\u00f3 <b>Plataforma AdOpt<\/b>, es responsabilidad exclusiva del <b>USUARIO<\/b>, sin responder a <b>https:\/\/<\/b><a href=\"https:\/\/visitefloripa.com.br\/es\/\"><b>www.visiteoripa.com.br<\/b><\/a><b> <\/b>por da\u00f1os de cualquier naturaleza resultantes de dicho uso. oh <b>USUARIO <\/b>reconoce que es de su exclusiva responsabilidad por los actos realizados por sus representantes al utilizar el <b>Plataforma AdOpt<\/b>, as\u00ed como determinar si estos son consistentes con los resultados esperados.<\/p><p class=\"p23\"><b>Arte.<\/b><b> <\/b><b>11<\/b>. oh <b>USUARIO<\/b><b> <\/b>reconoce que es su exclusiva <span class=\"s3\">responsabilidad:<\/span><\/p><p class=\"p2\">(i) el contenido de sus propias Pol\u00edticas de Privacidad y\/o T\u00e9rminos de Uso de sus sitios web, plataformas, aplicaciones de internet y otros veh\u00edculos donde pone a disposici\u00f3n sus servicios; (ii) la adopci\u00f3n de las medidas necesarias para observar la privacidad y protecci\u00f3n de los datos personales de los titulares cuyos datos puedan estar sujetos a <span class=\"s3\">tratamiento<\/span> <span class=\"s15\">Para el<\/span> <span class=\"s3\"><b>USUARIO<\/b>,<\/span> <span class=\"s21\">o<\/span> <span class=\"s15\">Para el <\/span><b>https:\/\/<\/b><a href=\"https:\/\/visitefloripa.com.br\/es\/\"><b>www.visiteoripa.com.br<\/b>,<\/a> en calidad de operador (art. 5, VII, Ley n\u00ba 13.709\/2018); y (iti) la adopci\u00f3n de medidas de seguridad de la informaci\u00f3n f\u00edsica y l\u00f3gica.<\/p><p class=\"p2\"><b>Art\u00edculo 12<\/b>. oh <b>USUARIO <\/b>reconoce que, para disfrutar de los servicios que incluyen la participaci\u00f3n en AdOpt, debe adoptar <span class=\"s21\">hacia<\/span> <span class=\"s3\">clausulas<\/span> <span class=\"s15\">pre-<\/span> <span class=\"s3\">establecido<\/span> <span class=\"s13\">Para el <\/span><b>https:\/\/<\/b><a href=\"https:\/\/visitefloripa.com.br\/es\/\"><b>www.visiteoripa.com.br<\/b>,<\/a> puestos a disposici\u00f3n en la Plataforma AdOpt, incorpor\u00e1ndolos plenamente a su propia Pol\u00edtica de Privacidad\/T\u00e9rminos de Uso\/Pol\u00edtica de Cookies, o instrumento similar, siendo responsable de los da\u00f1os directos, indirectos y emergentes, de cualquier naturaleza, causados a <b>https:\/\/<\/b><a href=\"https:\/\/visitefloripa.com.br\/es\/\"><b>www.visiteoripa.com.br<\/b>,<\/a> o a terceros por el incumplimiento de esta cl\u00e1usula.<\/p><p class=\"p23\"><b>Arte.<\/b><span class=\"s29\"><b><span class=\"Apple-converted-space\">\u00a0 <\/span><\/b><\/span><b>13<\/b>.<span class=\"s30\"><span class=\"Apple-converted-space\">\u00a0 <\/span><\/span>Eventual<span class=\"s30\"><span class=\"Apple-converted-space\">\u00a0 <\/span><\/span>da\u00f1o<span class=\"s30\"><span class=\"Apple-converted-space\">\u00a0 <\/span><\/span>demostrablemente<span class=\"s31\"><span class=\"Apple-converted-space\">\u00a0 <\/span><\/span>causado<span class=\"s32\"><span class=\"Apple-converted-space\">\u00a0 <\/span><\/span><span class=\"s15\">Para el<\/span><\/p><p class=\"p12\"><b>https:\/\/<\/b><a href=\"https:\/\/visitefloripa.com.br\/es\/\"><b>www.visiteoripa.com.br<\/b><\/a><span class=\"s2\"><b><span class=\"Apple-converted-space\">\u00a0 <\/span><\/b><\/span>hacia<span class=\"s26\"><span class=\"Apple-converted-space\">\u00a0 <\/span><\/span><b>USUARIO<\/b><span class=\"s33\"><b><span class=\"Apple-converted-space\">\u00a0 <\/span><\/b><\/span>ser\u00e1<span class=\"s26\"><span class=\"Apple-converted-space\">\u00a0 <\/span><\/span><span class=\"s3\">compensado<\/span><\/p><p class=\"p13\">dentro del l\u00edmite del importe pagado por el <b>USUARIO<\/b><b> <\/b>hasta el momento en que se produce el da\u00f1o.<\/p><p class=\"p24\">Y porque el <b>FIESTAS<\/b><b> <\/b>justo y acordado, el <b>USUARIO<\/b><b> <\/b>expresa su aceptaci\u00f3n del presente instrumento, para que produzca todos los efectos de hecho y de derecho.<\/p><p class=\"p25\">15 de Mayo, <span class=\"s15\">2023<\/span><\/p><p class=\"p26\"><b>LI<\/b><b> <\/b><b>Y<\/b><b> <\/b><span class=\"s3\"><b>ACEPTADO<\/b><\/span><\/p>\t\t\t\t\t\t\t\t<\/div>\n\t\t\t\t<\/div>\n\t\t\t\t\t<\/div>\n\t\t\t\t<\/div>\n\t\t\t\t<\/div>","protected":false},"excerpt":{"rendered":"<p>Pol\u00edtica de Privacidad Por este instrumento, el sitio web https:\/\/www.visiteoripa.com.br otorga a todos los \u201cUSUARIOS\u201d, es decir, quienes acceden y se registran en la Plataforma puesta a disposici\u00f3n por https:\/\/www.visiteoripa.com .br , benefici\u00e1ndose as\u00ed de los servicios prestados a trav\u00e9s del mismo, del conocimiento pleno e inequ\u00edvoco respecto de las normas establecidas en esta Pol\u00edtica de Privacidad, as\u00ed como sobre [\u2026]<\/p>","protected":false},"author":1,"featured_media":0,"parent":0,"menu_order":0,"comment_status":"closed","ping_status":"closed","template":"","meta":{"footnotes":""},"class_list":["post-3870","page","type-page","status-publish","hentry"],"_links":{"self":[{"href":"https:\/\/visitefloripa.com.br\/es\/wp-json\/wp\/v2\/pages\/3870","targetHints":{"allow":["GET"]}}],"collection":[{"href":"https:\/\/visitefloripa.com.br\/es\/wp-json\/wp\/v2\/pages"}],"about":[{"href":"https:\/\/visitefloripa.com.br\/es\/wp-json\/wp\/v2\/types\/page"}],"author":[{"embeddable":true,"href":"https:\/\/visitefloripa.com.br\/es\/wp-json\/wp\/v2\/users\/1"}],"replies":[{"embeddable":true,"href":"https:\/\/visitefloripa.com.br\/es\/wp-json\/wp\/v2\/comments?post=3870"}],"version-history":[{"count":4,"href":"https:\/\/visitefloripa.com.br\/es\/wp-json\/wp\/v2\/pages\/3870\/revisions"}],"predecessor-version":[{"id":3874,"href":"https:\/\/visitefloripa.com.br\/es\/wp-json\/wp\/v2\/pages\/3870\/revisions\/3874"}],"wp:attachment":[{"href":"https:\/\/visitefloripa.com.br\/es\/wp-json\/wp\/v2\/media?parent=3870"}],"curies":[{"name":"gracias","href":"https:\/\/api.w.org\/{rel}","templated":true}]}}